{"id":9,"date":"2016-07-19T17:20:15","date_gmt":"2016-07-19T16:20:15","guid":{"rendered":"http:\/\/www.ema-chartres.org\/?page_id=9"},"modified":"2017-12-06T14:03:54","modified_gmt":"2017-12-06T13:03:54","slug":"cours-guitare-chartres","status":"publish","type":"page","link":"https:\/\/www.ema-chartres.org\/index.php\/cours-guitare-chartres\/","title":{"rendered":"Cours Guitare Chartres"},"content":{"rendered":"<p><strong>Les Cours de Guitare Folk et Electrique \u00e0 Chartres (28)<\/strong><\/p>\n<p>Tous styles, tous \u00e2ges, tous niveaux<\/p>\n<p>Programme p\u00e9dagogique, folk et \u00e9l\u00e9ctrique :<\/p>\n<p><span style=\"text-decoration: underline;\"><strong>Technique :<\/strong><\/span><\/p>\n<ul>\n<li>Travail de la main droite (arp\u00e8ges, aller retour, sweeping, picking).<\/li>\n<li>Travail de la main gauche (\u00e9chauffement, d\u00e9liage, \u00e9tirements)<\/li>\n<\/ul>\n<p class=\"paragraph_style_2\"><span style=\"text-decoration: underline;\"><strong>Accompagnement :<\/strong><\/span><\/p>\n<ul>\n<li class=\"paragraph_style_2\">Accords<\/li>\n<li class=\"paragraph_style_2\">Rythmique et groove<\/li>\n<li class=\"paragraph_style_2\">Jeux cr\u00e9atifs<\/li>\n<li class=\"paragraph_style_2\">Etude de syles (pop, rock, m\u00e9tal, blues, etc.)<\/li>\n<\/ul>\n<p class=\"paragraph_style_4\"><span style=\"text-decoration: underline;\"><strong>Improvisation :<\/strong><\/span><\/p>\n<ul>\n<li class=\"paragraph_style_4\">Pentatoniques, modes<\/li>\n<li class=\"paragraph_style_4\">Phras\u00e9<\/li>\n<li class=\"paragraph_style_4\">Etudes harmoniques<\/li>\n<li class=\"paragraph_style_4\">Ecoute et analyse<\/li>\n<\/ul>\n<p><img decoding=\"async\" loading=\"lazy\" class=\"alignnone size-full wp-image-132\" src=\"http:\/\/www.ema-chartres.org\/wp-content\/uploads\/2016\/07\/florent-mattei.jpg\" alt=\"florent-mattei\" width=\"2999\" height=\"1999\" srcset=\"https:\/\/www.ema-chartres.org\/wp-content\/uploads\/2016\/07\/florent-mattei.jpg 2999w, https:\/\/www.ema-chartres.org\/wp-content\/uploads\/2016\/07\/florent-mattei-300x200.jpg 300w, https:\/\/www.ema-chartres.org\/wp-content\/uploads\/2016\/07\/florent-mattei-768x512.jpg 768w, https:\/\/www.ema-chartres.org\/wp-content\/uploads\/2016\/07\/florent-mattei-1024x683.jpg 1024w, https:\/\/www.ema-chartres.org\/wp-content\/uploads\/2016\/07\/florent-mattei-620x413.jpg 620w\" sizes=\"(max-width: 2999px) 100vw, 2999px\" \/><\/p>\n<p class=\"paragraph_style_5\"><strong>Florent Matt\u00e9i :<\/strong><\/p>\n<p>Florent Matt\u00e9i est professeur de guitare \u00e9lectrique et folk depuis 2004.<\/p>\n<p>Guitariste depuis 1997, dipl\u00f4m\u00e9 de l\u2019\u00e9cole Tous En Sc\u00e8ne \u00e0 Tours, il travaille avec la chanteuse Aless pendant quelques ann\u00e9es avant de se consacrer \u00e0 ses projets musicaux personnels et, \u00e0 l&rsquo;\u00e9laboration d&rsquo;une m\u00e9thode p\u00e9dagogique d&rsquo;enseignement de la guitare qui allie la pratique, la compr\u00e9hension du codage de la musique, le rythme, l\u2019oreille, la cr\u00e9ativit\u00e9.<\/p>\n<p>Ces derni\u00e8res ann\u00e9es, il propose aussi des cours de MAO Musique Assist\u00e9e par Ordinateur ainsi que l&rsquo;enregistrement en studio.<\/p>\n<p>Il est associ\u00e9 aux diff\u00e9rents projets de l&rsquo;association EMA Enseignement des Musiques Actuelles depuis sa cr\u00e9ation.<\/p>\n<p>Ses go\u00fbts musicaux sont vari\u00e9s\u00a0: pop, rock, blues, m\u00e9tal et influenc\u00e9s par des guitaristes tels que\u00a0 David Gilmour, John Petrucci, Steve Lukather, Joe Satriani.<\/p>\n","protected":false},"excerpt":{"rendered":"<p>Les Cours de Guitare Folk et Electrique \u00e0 Chartres (28) Tous styles, tous \u00e2ges, tous niveaux Programme p\u00e9dagogique, folk et \u00e9l\u00e9ctrique : Technique : Travail de la main droite (arp\u00e8ges, aller retour, sweeping, picking). Travail de la main gauche (\u00e9chauffement, d\u00e9liage, \u00e9tirements) Accompagnement : Accords Rythmique et groove Jeux cr\u00e9atifs Etude de syles (pop, rock, [&hellip;]<\/p>\n","protected":false},"author":1,"featured_media":0,"parent":0,"menu_order":1,"comment_status":"closed","ping_status":"closed","template":"","meta":[],"_links":{"self":[{"href":"https:\/\/www.ema-chartres.org\/index.php\/wp-json\/wp\/v2\/pages\/9"}],"collection":[{"href":"https:\/\/www.ema-chartres.org\/index.php\/wp-json\/wp\/v2\/pages"}],"about":[{"href":"https:\/\/www.ema-chartres.org\/index.php\/wp-json\/wp\/v2\/types\/page"}],"author":[{"embeddable":true,"href":"https:\/\/www.ema-chartres.org\/index.php\/wp-json\/wp\/v2\/users\/1"}],"replies":[{"embeddable":true,"href":"https:\/\/www.ema-chartres.org\/index.php\/wp-json\/wp\/v2\/comments?post=9"}],"version-history":[{"count":11,"href":"https:\/\/www.ema-chartres.org\/index.php\/wp-json\/wp\/v2\/pages\/9\/revisions"}],"predecessor-version":[{"id":242,"href":"https:\/\/www.ema-chartres.org\/index.php\/wp-json\/wp\/v2\/pages\/9\/revisions\/242"}],"wp:attachment":[{"href":"https:\/\/www.ema-chartres.org\/index.php\/wp-json\/wp\/v2\/media?parent=9"}],"curies":[{"name":"wp","href":"https:\/\/api.w.org\/{rel}","templated":true}]}}