{"id":7,"date":"2016-07-19T17:20:34","date_gmt":"2016-07-19T16:20:34","guid":{"rendered":"http:\/\/www.ema-chartres.org\/?page_id=7"},"modified":"2017-12-06T15:20:08","modified_gmt":"2017-12-06T14:20:08","slug":"lassociation-ema","status":"publish","type":"page","link":"https:\/\/www.ema-chartres.org\/index.php\/lassociation-ema\/","title":{"rendered":"L&rsquo;association EMA"},"content":{"rendered":"<p class=\"paragraph_style_1\">EMA\u00a0<span class=\"style\">&#8211; Enseignement des Musiques Actuelles\u00a0<\/span>\u00e9tait, <strong>depuis 2004<\/strong>, un regroupement de professeurs de musique ind\u00e9pendants soucieux de transmettre leur passion en enseignant la guitare, la basse, le clavier et le chant.<\/p>\n<p class=\"paragraph_style_1\">\u00a0Afin d&rsquo;aller plus loin, EMA devient une association loi 1901 <strong>en avril 2015<\/strong>. Dans le but de promouvoir les musiques actuelles et amplifi\u00e9es, l&rsquo;association EMA souhaite d\u00e9velopper de nouvelles activit\u00e9s li\u00e9es \u00e0 la pratique et l&rsquo;enseignement musical et ainsi favoriser rencontres et \u00e9changes entre musiciens professionnels et amateurs.<\/p>\n<p class=\"paragraph_style_1\">L\u2019association vous propose des cours de guitare, de basse, de clavier et de piano, de chant, d\u2019\u00e9veil musical, des stages de perfectionnement et des Master-Class.<\/p>\n<p class=\"paragraph_style_2\">Mais aussi l\u2019accompagnement de vos projets : arrangement et enregistrement de vos maquettes et concerts, programmation de votre groupe.<\/p>\n<p class=\"paragraph_style_2\">Toutes les activit\u00e9s sont anim\u00e9es par des professionnels : professeurs exp\u00e9riment\u00e9s, artistes et techniciens du spectacle.<\/p>\n<p class=\"paragraph_style_2\"><img loading=\"lazy\" decoding=\"async\" class=\"alignnone size-large wp-image-80\" src=\"http:\/\/www.ema-chartres.org\/wp-content\/uploads\/2016\/07\/11921892_1213078392051622_5983902539937579086_o-1024x576.jpg\" alt=\"11921892_1213078392051622_5983902539937579086_o\" width=\"640\" height=\"360\" srcset=\"https:\/\/www.ema-chartres.org\/wp-content\/uploads\/2016\/07\/11921892_1213078392051622_5983902539937579086_o-1024x576.jpg 1024w, https:\/\/www.ema-chartres.org\/wp-content\/uploads\/2016\/07\/11921892_1213078392051622_5983902539937579086_o-300x169.jpg 300w, https:\/\/www.ema-chartres.org\/wp-content\/uploads\/2016\/07\/11921892_1213078392051622_5983902539937579086_o-768x432.jpg 768w, https:\/\/www.ema-chartres.org\/wp-content\/uploads\/2016\/07\/11921892_1213078392051622_5983902539937579086_o-480x270.jpg 480w, https:\/\/www.ema-chartres.org\/wp-content\/uploads\/2016\/07\/11921892_1213078392051622_5983902539937579086_o.jpg 2048w\" sizes=\"auto, (max-width: 640px) 100vw, 640px\" \/><\/p>\n","protected":false},"excerpt":{"rendered":"<p>EMA\u00a0&#8211; Enseignement des Musiques Actuelles\u00a0\u00e9tait, depuis 2004, un regroupement de professeurs de musique ind\u00e9pendants soucieux de transmettre leur passion en enseignant la guitare, la basse, le clavier et le chant. \u00a0Afin d&rsquo;aller plus loin, EMA devient une association loi 1901 en avril 2015. Dans le but de promouvoir les musiques actuelles et amplifi\u00e9es, l&rsquo;association EMA [&hellip;]<\/p>\n","protected":false},"author":1,"featured_media":0,"parent":0,"menu_order":6,"comment_status":"closed","ping_status":"closed","template":"","meta":{"footnotes":""},"class_list":["post-7","page","type-page","status-publish","hentry"],"yoast_head":"<!-- This site is optimized with the Yoast SEO plugin v27.4 - https:\/\/yoast.com\/product\/yoast-seo-wordpress\/ -->\n<title>L&#039;association EMA - EMA<\/title>\n<meta name=\"description\" content=\"EMA - Enseignement des Musiques Actuelles \u00e9tait, depuis 2004, un regroupement de professeurs de musique ind\u00e9pendants soucieux de transmettre leur passion\" \/>\n<meta name=\"robots\" content=\"index, follow, max-snippet:-1, max-image-preview:large, max-video-preview:-1\" \/>\n<link rel=\"canonical\" href=\"https:\/\/www.ema-chartres.org\/index.php\/lassociation-ema\/\" \/>\n<meta property=\"og:locale\" content=\"fr_FR\" \/>\n<meta property=\"og:type\" content=\"article\" \/>\n<meta property=\"og:title\" content=\"L&#039;association EMA - EMA\" \/>\n<meta property=\"og:description\" content=\"EMA - Enseignement des Musiques Actuelles \u00e9tait, depuis 2004, un regroupement de professeurs de musique ind\u00e9pendants soucieux de transmettre leur passion\" \/>\n<meta property=\"og:url\" content=\"https:\/\/www.ema-chartres.org\/index.php\/lassociation-ema\/\" \/>\n<meta property=\"og:site_name\" content=\"EMA\" \/>\n<meta property=\"article:modified_time\" content=\"2017-12-06T14:20:08+00:00\" \/>\n<meta property=\"og:image\" content=\"https:\/\/www.ema-chartres.org\/wp-content\/uploads\/2016\/07\/11921892_1213078392051622_5983902539937579086_o.jpg\" \/>\n\t<meta property=\"og:image:width\" content=\"2048\" \/>\n\t<meta property=\"og:image:height\" content=\"1152\" \/>\n\t<meta property=\"og:image:type\" content=\"image\/jpeg\" \/>\n<meta name=\"twitter:card\" content=\"summary_large_image\" \/>\n<meta name=\"twitter:label1\" content=\"Dur\u00e9e de lecture estim\u00e9e\" \/>\n\t<meta name=\"twitter:data1\" content=\"1 minute\" \/>\n<script type=\"application\/ld+json\" class=\"yoast-schema-graph\">{\"@context\":\"https:\\\/\\\/schema.org\",\"@graph\":[{\"@type\":\"WebPage\",\"@id\":\"https:\\\/\\\/www.ema-chartres.org\\\/index.php\\\/lassociation-ema\\\/\",\"url\":\"https:\\\/\\\/www.ema-chartres.org\\\/index.php\\\/lassociation-ema\\\/\",\"name\":\"L'association EMA - EMA\",\"isPartOf\":{\"@id\":\"https:\\\/\\\/www.ema-chartres.org\\\/#website\"},\"primaryImageOfPage\":{\"@id\":\"https:\\\/\\\/www.ema-chartres.org\\\/index.php\\\/lassociation-ema\\\/#primaryimage\"},\"image\":{\"@id\":\"https:\\\/\\\/www.ema-chartres.org\\\/index.php\\\/lassociation-ema\\\/#primaryimage\"},\"thumbnailUrl\":\"http:\\\/\\\/www.ema-chartres.org\\\/wp-content\\\/uploads\\\/2016\\\/07\\\/11921892_1213078392051622_5983902539937579086_o-1024x576.jpg\",\"datePublished\":\"2016-07-19T16:20:34+00:00\",\"dateModified\":\"2017-12-06T14:20:08+00:00\",\"description\":\"EMA - Enseignement des Musiques Actuelles \u00e9tait, depuis 2004, un regroupement de professeurs de musique ind\u00e9pendants soucieux de transmettre leur passion\",\"breadcrumb\":{\"@id\":\"https:\\\/\\\/www.ema-chartres.org\\\/index.php\\\/lassociation-ema\\\/#breadcrumb\"},\"inLanguage\":\"fr-FR\",\"potentialAction\":[{\"@type\":\"ReadAction\",\"target\":[\"https:\\\/\\\/www.ema-chartres.org\\\/index.php\\\/lassociation-ema\\\/\"]}]},{\"@type\":\"ImageObject\",\"inLanguage\":\"fr-FR\",\"@id\":\"https:\\\/\\\/www.ema-chartres.org\\\/index.php\\\/lassociation-ema\\\/#primaryimage\",\"url\":\"https:\\\/\\\/www.ema-chartres.org\\\/wp-content\\\/uploads\\\/2016\\\/07\\\/11921892_1213078392051622_5983902539937579086_o.jpg\",\"contentUrl\":\"https:\\\/\\\/www.ema-chartres.org\\\/wp-content\\\/uploads\\\/2016\\\/07\\\/11921892_1213078392051622_5983902539937579086_o.jpg\",\"width\":2048,\"height\":1152},{\"@type\":\"BreadcrumbList\",\"@id\":\"https:\\\/\\\/www.ema-chartres.org\\\/index.php\\\/lassociation-ema\\\/#breadcrumb\",\"itemListElement\":[{\"@type\":\"ListItem\",\"position\":1,\"name\":\"Accueil\",\"item\":\"https:\\\/\\\/www.ema-chartres.org\\\/\"},{\"@type\":\"ListItem\",\"position\":2,\"name\":\"L&rsquo;association EMA\"}]},{\"@type\":\"WebSite\",\"@id\":\"https:\\\/\\\/www.ema-chartres.org\\\/#website\",\"url\":\"https:\\\/\\\/www.ema-chartres.org\\\/\",\"name\":\"EMA\",\"description\":\"Ecole des Musiques Actuelles\",\"potentialAction\":[{\"@type\":\"SearchAction\",\"target\":{\"@type\":\"EntryPoint\",\"urlTemplate\":\"https:\\\/\\\/www.ema-chartres.org\\\/?s={search_term_string}\"},\"query-input\":{\"@type\":\"PropertyValueSpecification\",\"valueRequired\":true,\"valueName\":\"search_term_string\"}}],\"inLanguage\":\"fr-FR\"}]}<\/script>\n<!-- \/ Yoast SEO plugin. -->","yoast_head_json":{"title":"L'association EMA - EMA","description":"EMA - Enseignement des Musiques Actuelles \u00e9tait, depuis 2004, un regroupement de professeurs de musique ind\u00e9pendants soucieux de transmettre leur passion","robots":{"index":"index","follow":"follow","max-snippet":"max-snippet:-1","max-image-preview":"max-image-preview:large","max-video-preview":"max-video-preview:-1"},"canonical":"https:\/\/www.ema-chartres.org\/index.php\/lassociation-ema\/","og_locale":"fr_FR","og_type":"article","og_title":"L'association EMA - EMA","og_description":"EMA - Enseignement des Musiques Actuelles \u00e9tait, depuis 2004, un regroupement de professeurs de musique ind\u00e9pendants soucieux de transmettre leur passion","og_url":"https:\/\/www.ema-chartres.org\/index.php\/lassociation-ema\/","og_site_name":"EMA","article_modified_time":"2017-12-06T14:20:08+00:00","og_image":[{"width":2048,"height":1152,"url":"https:\/\/www.ema-chartres.org\/wp-content\/uploads\/2016\/07\/11921892_1213078392051622_5983902539937579086_o.jpg","type":"image\/jpeg"}],"twitter_card":"summary_large_image","twitter_misc":{"Dur\u00e9e de lecture estim\u00e9e":"1 minute"},"schema":{"@context":"https:\/\/schema.org","@graph":[{"@type":"WebPage","@id":"https:\/\/www.ema-chartres.org\/index.php\/lassociation-ema\/","url":"https:\/\/www.ema-chartres.org\/index.php\/lassociation-ema\/","name":"L'association EMA - EMA","isPartOf":{"@id":"https:\/\/www.ema-chartres.org\/#website"},"primaryImageOfPage":{"@id":"https:\/\/www.ema-chartres.org\/index.php\/lassociation-ema\/#primaryimage"},"image":{"@id":"https:\/\/www.ema-chartres.org\/index.php\/lassociation-ema\/#primaryimage"},"thumbnailUrl":"http:\/\/www.ema-chartres.org\/wp-content\/uploads\/2016\/07\/11921892_1213078392051622_5983902539937579086_o-1024x576.jpg","datePublished":"2016-07-19T16:20:34+00:00","dateModified":"2017-12-06T14:20:08+00:00","description":"EMA - Enseignement des Musiques Actuelles \u00e9tait, depuis 2004, un regroupement de professeurs de musique ind\u00e9pendants soucieux de transmettre leur passion","breadcrumb":{"@id":"https:\/\/www.ema-chartres.org\/index.php\/lassociation-ema\/#breadcrumb"},"inLanguage":"fr-FR","potentialAction":[{"@type":"ReadAction","target":["https:\/\/www.ema-chartres.org\/index.php\/lassociation-ema\/"]}]},{"@type":"ImageObject","inLanguage":"fr-FR","@id":"https:\/\/www.ema-chartres.org\/index.php\/lassociation-ema\/#primaryimage","url":"https:\/\/www.ema-chartres.org\/wp-content\/uploads\/2016\/07\/11921892_1213078392051622_5983902539937579086_o.jpg","contentUrl":"https:\/\/www.ema-chartres.org\/wp-content\/uploads\/2016\/07\/11921892_1213078392051622_5983902539937579086_o.jpg","width":2048,"height":1152},{"@type":"BreadcrumbList","@id":"https:\/\/www.ema-chartres.org\/index.php\/lassociation-ema\/#breadcrumb","itemListElement":[{"@type":"ListItem","position":1,"name":"Accueil","item":"https:\/\/www.ema-chartres.org\/"},{"@type":"ListItem","position":2,"name":"L&rsquo;association EMA"}]},{"@type":"WebSite","@id":"https:\/\/www.ema-chartres.org\/#website","url":"https:\/\/www.ema-chartres.org\/","name":"EMA","description":"Ecole des Musiques Actuelles","potentialAction":[{"@type":"SearchAction","target":{"@type":"EntryPoint","urlTemplate":"https:\/\/www.ema-chartres.org\/?s={search_term_string}"},"query-input":{"@type":"PropertyValueSpecification","valueRequired":true,"valueName":"search_term_string"}}],"inLanguage":"fr-FR"}]}},"_links":{"self":[{"href":"https:\/\/www.ema-chartres.org\/index.php\/wp-json\/wp\/v2\/pages\/7","targetHints":{"allow":["GET"]}}],"collection":[{"href":"https:\/\/www.ema-chartres.org\/index.php\/wp-json\/wp\/v2\/pages"}],"about":[{"href":"https:\/\/www.ema-chartres.org\/index.php\/wp-json\/wp\/v2\/types\/page"}],"author":[{"embeddable":true,"href":"https:\/\/www.ema-chartres.org\/index.php\/wp-json\/wp\/v2\/users\/1"}],"replies":[{"embeddable":true,"href":"https:\/\/www.ema-chartres.org\/index.php\/wp-json\/wp\/v2\/comments?post=7"}],"version-history":[{"count":5,"href":"https:\/\/www.ema-chartres.org\/index.php\/wp-json\/wp\/v2\/pages\/7\/revisions"}],"predecessor-version":[{"id":266,"href":"https:\/\/www.ema-chartres.org\/index.php\/wp-json\/wp\/v2\/pages\/7\/revisions\/266"}],"wp:attachment":[{"href":"https:\/\/www.ema-chartres.org\/index.php\/wp-json\/wp\/v2\/media?parent=7"}],"curies":[{"name":"wp","href":"https:\/\/api.w.org\/{rel}","templated":true}]}}