{"id":142,"date":"2016-07-26T14:17:42","date_gmt":"2016-07-26T13:17:42","guid":{"rendered":"http:\/\/www.ema-chartres.org\/?page_id=142"},"modified":"2022-07-06T18:47:40","modified_gmt":"2022-07-06T17:47:40","slug":"cours-de-musique","status":"publish","type":"page","link":"https:\/\/www.ema-chartres.org\/index.php\/cours-de-musique\/","title":{"rendered":"Cours de Musique"},"content":{"rendered":"<p class=\"paragraph_style_1\"><strong>Nos cours de musiques actuelles \u00e0 Chartres (28) :\u00a0<\/strong><\/p>\n<p class=\"paragraph_style_1\">Les cours EMA conviennent \u00e0 des \u00e9l\u00e8ves de tous les \u00e2ges, de tous les niveaux, dispens\u00e9s par des musiciens professionnels passionn\u00e9s de leur art.<\/p>\n<p class=\"paragraph_style_1\">Les professeurs EMA enseignent la musique en donnant les m\u00e9canismes utiles \u00e0 une bonne compr\u00e9hension g\u00e9n\u00e9rale. Ils utilisent une m\u00e9thode moderne bas\u00e9e sur l\u2019application, la compr\u00e9hension du codage de la musique, le rythme, l\u2019oreille, la cr\u00e9ativit\u00e9.<\/p>\n<p class=\"paragraph_style_1\">Leurs cours allient \u00e0 la fois rigueur p\u00e9dagogique et plaisir de jouer. Les morceaux sont choisis dans diff\u00e9rents styles de musique (pop, rock, blues, m\u00e9tal&#8230;) et en fonction des go\u00fbts de chacun.<\/p>\n<p class=\"paragraph_style_1\"><span class=\"style\">Les cours individuels<\/span>\u00a0permettent \u00e0 l\u2019enseignant de se concentrer exclusivement sur un \u00e9l\u00e8ve et d&rsquo;adapter son cours en fonction de ses besoins et de ses attentes.<\/p>\n<p class=\"paragraph_style_1\"><span class=\"style\">Les cours en bin\u00f4me<\/span>\u00a0offrent, \u00e0 un tarif\u00a0<span class=\"style_1\">pr\u00e9f\u00e9rentiel<\/span>, les avantages des cours particuliers et des cours collectifs dans la mesure o\u00f9 les \u00e9l\u00e8ves sont regroup\u00e9s par niveaux et objectifs et o\u00f9 l\u2019interaction des deux \u00e9l\u00e8ves favorise dynamisme et motivation dans l&rsquo;apprentissage de l&rsquo;instrument.<\/p>\n<p class=\"paragraph_style_1\"><strong>Ce que les cours vous apportent :<\/strong><\/p>\n<ul>\n<li class=\"paragraph_style_1\">D\u00e9velopper un talent d\u00e9j\u00e0 existant<\/li>\n<li class=\"paragraph_style_1\">Transmettre le codage de la musique<\/li>\n<li class=\"paragraph_style_1\">Aiguiser les capacit\u00e9s d\u2019\u00e9coute<\/li>\n<li class=\"paragraph_style_1\">Encourager l\u2019acte cr\u00e9atif<\/li>\n<li class=\"paragraph_style_1\">Raccourcir sensiblement le temps d\u2019apprentissage<\/li>\n<li class=\"paragraph_style_1\">Conseiller des m\u00e9thodes de travail<\/li>\n<li class=\"paragraph_style_1\">Aider \u00e0 atteindre des objectifs<\/li>\n<li class=\"paragraph_style_1\">Rendre autonome<\/li>\n<li class=\"paragraph_style_1\">Provoquer des rencontres humaines et artistiques (cours collectifs, stages, ateliers, concerts&#8230;)<\/li>\n<li class=\"paragraph_style_1\">Ouvrir l\u2019esprit vers d\u2019autres musiques<\/li>\n<\/ul>\n<p class=\"paragraph_style_4\"><strong><span class=\"style\">Le concert de fin d&rsquo;ann\u00e9e<\/span><\/strong><\/p>\n<p class=\"paragraph_style_4\">En cr\u00e9ant l&rsquo;association EMA, il nous tenait \u00e0 c\u0153ur de remettre le concert de fin d&rsquo;ann\u00e9e aux go\u00fbts du jour. Celui-ci permet aux \u00e9l\u00e8ves de s&rsquo;investir sur un projet commun, de travailler en groupe et de jouer dans des conditions live .<br \/>\nLa repr\u00e9sentation en public montre les progr\u00e8s r\u00e9alis\u00e9s en une ann\u00e9e de cours : elle apporte motivation et confiance en soi.<\/p>\n<p class=\"paragraph_style_4\"><img decoding=\"async\" loading=\"lazy\" class=\"alignnone size-full wp-image-143\" src=\"http:\/\/www.ema-chartres.org\/wp-content\/uploads\/2016\/07\/concert-314850_640-filtered.jpg\" alt=\"concert-314850_640-filtered\" width=\"378\" height=\"283\" srcset=\"https:\/\/www.ema-chartres.org\/wp-content\/uploads\/2016\/07\/concert-314850_640-filtered.jpg 378w, https:\/\/www.ema-chartres.org\/wp-content\/uploads\/2016\/07\/concert-314850_640-filtered-300x225.jpg 300w\" sizes=\"(max-width: 378px) 100vw, 378px\" \/><\/p>\n<div id=\"id10\" class=\"style_SkipStroke_2 shape-with-text\">\n<div class=\"text-content graphic_textbox_layout_style_default_External_621_270\">\n<div class=\"graphic_textbox_layout_style_default\">\n<p class=\"paragraph_style_1\"><strong>Les cours d\u2019\u00e9veil musical<\/strong><\/p>\n<p class=\"paragraph_style_1\">D\u00e9couverte musicale sous forme ludique.<\/p>\n<p class=\"paragraph_style_2\">Au cours de l&rsquo;ann\u00e9e d\u2019\u00e9veil musical, l\u2019enfant d\u00e9couvrira\u00a0 :<\/p>\n<ul>\n<li class=\"paragraph_style_2\">Apprentissage de la cl\u00e9 de sol et de la cl\u00e9 de fa, avec application au piano.<\/li>\n<li class=\"paragraph_style_2\">Chant en rapport avec les notes \u00e9tudi\u00e9es en cours.<\/li>\n<li class=\"paragraph_style_2\">D\u00e9couverte des divers instruments de musique<\/li>\n<li class=\"paragraph_style_2\">Travail du rythme.<\/li>\n<\/ul>\n<p class=\"paragraph_style_2\">(Groupe de deux ou trois)<\/p>\n<\/div>\n<\/div>\n<\/div>\n<div class=\"spacer\"><strong>\u00a0La Formation Musicale<\/strong><\/div>\n<div class=\"spacer\"><\/div>\n<div class=\"spacer\">La formation musicale est un cours compl\u00e9mentaire aux cours d&rsquo;instrument. Ici, on apprend \u00e0 comprendre et maitriser le langage musical. En plus de renforcer son niveau en lecture de notes et de rythmes, l&rsquo;\u00e9l\u00e8ve y d\u00e9veloppe l&rsquo;oreille et la connaissance harmonique (des gammes et des accords). Deux ingr\u00e9dients indispensables pour devenir un bon musicien.<\/div>\n<div><\/div>\n<div class=\"spacer\">\n<div class=\"page\" title=\"Page 1\">\n<div class=\"layoutArea\">\n<div class=\"column\">\n<div class=\"page\" title=\"Page 1\">\n<div class=\"layoutArea\">\n<div class=\"column\">\n<p>&nbsp;<\/p>\n<p><strong>L&rsquo;Atelier Musical<\/strong><\/p>\n<\/div>\n<\/div>\n<div class=\"layoutArea\">\n<div class=\"column\">\n<p>L&rsquo;atelier musical,\u00a0 c&rsquo;est la mise en place de morceaux en groupe sous la direction d&rsquo;un professeur.<\/p>\n<p>Cet atelier permet d&rsquo;apprendre a\u0300 structurer une re\u0301pe\u0301tition, a\u0300 de\u0301velopper l&rsquo;e\u0301coute, la cohe\u0301sion rythmique et la cre\u0301ativite\u0301.<\/p>\n<\/div>\n<\/div>\n<\/div>\n<\/div>\n<\/div>\n<\/div>\n<p class=\"paragraph_style_1\">\n<\/div>\n","protected":false},"excerpt":{"rendered":"<p>Nos cours de musiques actuelles \u00e0 Chartres (28) :\u00a0 Les cours EMA conviennent \u00e0 des \u00e9l\u00e8ves de tous les \u00e2ges, de tous les niveaux, dispens\u00e9s par des musiciens professionnels passionn\u00e9s de leur art. Les professeurs EMA enseignent la musique en donnant les m\u00e9canismes utiles \u00e0 une bonne compr\u00e9hension g\u00e9n\u00e9rale. Ils utilisent une m\u00e9thode moderne bas\u00e9e [&hellip;]<\/p>\n","protected":false},"author":1,"featured_media":0,"parent":0,"menu_order":4,"comment_status":"closed","ping_status":"closed","template":"","meta":[],"_links":{"self":[{"href":"https:\/\/www.ema-chartres.org\/index.php\/wp-json\/wp\/v2\/pages\/142"}],"collection":[{"href":"https:\/\/www.ema-chartres.org\/index.php\/wp-json\/wp\/v2\/pages"}],"about":[{"href":"https:\/\/www.ema-chartres.org\/index.php\/wp-json\/wp\/v2\/types\/page"}],"author":[{"embeddable":true,"href":"https:\/\/www.ema-chartres.org\/index.php\/wp-json\/wp\/v2\/users\/1"}],"replies":[{"embeddable":true,"href":"https:\/\/www.ema-chartres.org\/index.php\/wp-json\/wp\/v2\/comments?post=142"}],"version-history":[{"count":14,"href":"https:\/\/www.ema-chartres.org\/index.php\/wp-json\/wp\/v2\/pages\/142\/revisions"}],"predecessor-version":[{"id":285,"href":"https:\/\/www.ema-chartres.org\/index.php\/wp-json\/wp\/v2\/pages\/142\/revisions\/285"}],"wp:attachment":[{"href":"https:\/\/www.ema-chartres.org\/index.php\/wp-json\/wp\/v2\/media?parent=142"}],"curies":[{"name":"wp","href":"https:\/\/api.w.org\/{rel}","templated":true}]}}