{"id":13,"date":"2016-07-19T17:20:05","date_gmt":"2016-07-19T16:20:05","guid":{"rendered":"http:\/\/www.ema-chartres.org\/?page_id=13"},"modified":"2017-12-06T15:10:56","modified_gmt":"2017-12-06T14:10:56","slug":"cours-clavier-chartres","status":"publish","type":"page","link":"https:\/\/www.ema-chartres.org\/index.php\/cours-clavier-chartres\/","title":{"rendered":"Cours Clavier Chartres"},"content":{"rendered":"<p><strong>Les Cours de Piano, Clavier \u00e0 Chartres\u00a0<\/strong><\/p>\n<p>Tous styles, tous \u00e2ges, tous niveaux<\/p>\n<p><span style=\"text-decoration: underline;\"><strong>TECHNIQUE<\/strong><\/span><\/p>\n<ul>\n<li class=\"paragraph_style_4\">Technique pure &#8211; Doigt\u00e9s &#8211; Gammes &amp; intervalles \u2013 Arp\u00e8ges.<\/li>\n<li class=\"paragraph_style_4\">Accompagnement<\/li>\n<li class=\"paragraph_style_4\">Rythmique &#8211; Harmonie appliqu\u00e9e &#8211; Cycles, cadences<\/li>\n<li class=\"paragraph_style_4\">Improvisation<\/li>\n<li class=\"paragraph_style_4\">Accords &amp; gammes<\/li>\n<\/ul>\n<p><span style=\"text-decoration: underline;\"><strong>ETUDES<\/strong><\/span><\/p>\n<p class=\"paragraph_style_7\">Nous \u00e9tudierons d&rsquo;abord le piano afin d\u2019acqu\u00e9rir les bases\u00a0pour ensuite s&rsquo;orienter vers un programme de musiques actuelles. Les titres \u00e9tudi\u00e9s seront alors appliqu\u00e9s sur playback.<\/p>\n<p class=\"paragraph_style_9\">Style \u00e9tudi\u00e9s\u00a0 : Classique, Black Music, Latin, Jazz, Piano-Bar, Blues, Rock, World-Music, Electro, Funk.<\/p>\n<p class=\"paragraph_style_9\"><span style=\"text-decoration: underline;\"><strong>TH\u00c9ORIE<\/strong><\/span><\/p>\n<ul>\n<li class=\"paragraph_style_9\"><span class=\"style_1\">D\u00e9chiffrage.<\/span><\/li>\n<li class=\"paragraph_style_9\">Acqu\u00e9rir les r\u00e9flexes pour interpr\u00e9ter une partition.<\/li>\n<li class=\"paragraph_style_9\">Solf\u00e8ge.<\/li>\n<li class=\"paragraph_style_9\">Etude de l&rsquo;apprentissage du codage musical : signes, termes, r\u00e8gles, conventions \u2026<\/li>\n<li class=\"paragraph_style_9\">Travail de l&rsquo;oreille.<\/li>\n<li class=\"paragraph_style_9\">Reconnaissance des intervalles, d\u00e9veloppement de l&rsquo;oreille, de la m\u00e9moire et de la voix.<\/li>\n<li class=\"paragraph_style_9\">Solf\u00e8ge rythmique.<\/li>\n<li class=\"paragraph_style_9\">Pour permettre \u00e0 tous les musiciens d&rsquo;acqu\u00e9rir la coh\u00e9sion collective du rythme et la m\u00eame connaissance de la pulsation rythmique.<\/li>\n<li class=\"paragraph_style_9\">Harmonie = Th\u00e9orie<\/li>\n<li class=\"paragraph_style_9\">Principes de construction et d&rsquo;encha\u00eenement des accords dans les musiques actuelles. Connaissance des syst\u00e8mes.<\/li>\n<\/ul>\n<p><img decoding=\"async\" loading=\"lazy\" class=\"alignnone size-large wp-image-108\" src=\"http:\/\/www.ema-chartres.org\/wp-content\/uploads\/2016\/07\/10917086_663361453775085_555456980386293385_n.jpg\" alt=\"10917086_663361453775085_555456980386293385_n\" width=\"620\" height=\"349\" srcset=\"https:\/\/www.ema-chartres.org\/wp-content\/uploads\/2016\/07\/10917086_663361453775085_555456980386293385_n.jpg 960w, https:\/\/www.ema-chartres.org\/wp-content\/uploads\/2016\/07\/10917086_663361453775085_555456980386293385_n-300x169.jpg 300w, https:\/\/www.ema-chartres.org\/wp-content\/uploads\/2016\/07\/10917086_663361453775085_555456980386293385_n-768x432.jpg 768w, https:\/\/www.ema-chartres.org\/wp-content\/uploads\/2016\/07\/10917086_663361453775085_555456980386293385_n-620x349.jpg 620w\" sizes=\"(max-width: 620px) 100vw, 620px\" \/><\/p>\n<p><strong>Gael Lodier :<\/strong><\/p>\n<p class=\"paragraph_style_2\">Professeur de clavier, guitare et \u00e9veil musical.<\/p>\n<p class=\"paragraph_style_2\">Etudie le classique et le jazz \u00e0 l\u2019ENMD de Chartres ainsi que les musiques actuelles \u00e0 l\u2019\u00e9cole ATLA (Paris)<\/p>\n<p class=\"paragraph_style_2\">Influences : BB King, Otis Redding, Stevie Wonder, Buddy Guy, Chaka Khan&#8230;<\/p>\n","protected":false},"excerpt":{"rendered":"<p>Les Cours de Piano, Clavier \u00e0 Chartres\u00a0 Tous styles, tous \u00e2ges, tous niveaux TECHNIQUE Technique pure &#8211; Doigt\u00e9s &#8211; Gammes &amp; intervalles \u2013 Arp\u00e8ges. Accompagnement Rythmique &#8211; Harmonie appliqu\u00e9e &#8211; Cycles, cadences Improvisation Accords &amp; gammes ETUDES Nous \u00e9tudierons d&rsquo;abord le piano afin d\u2019acqu\u00e9rir les bases\u00a0pour ensuite s&rsquo;orienter vers un programme de musiques actuelles. Les [&hellip;]<\/p>\n","protected":false},"author":1,"featured_media":0,"parent":0,"menu_order":2,"comment_status":"closed","ping_status":"closed","template":"","meta":[],"_links":{"self":[{"href":"https:\/\/www.ema-chartres.org\/index.php\/wp-json\/wp\/v2\/pages\/13"}],"collection":[{"href":"https:\/\/www.ema-chartres.org\/index.php\/wp-json\/wp\/v2\/pages"}],"about":[{"href":"https:\/\/www.ema-chartres.org\/index.php\/wp-json\/wp\/v2\/types\/page"}],"author":[{"embeddable":true,"href":"https:\/\/www.ema-chartres.org\/index.php\/wp-json\/wp\/v2\/users\/1"}],"replies":[{"embeddable":true,"href":"https:\/\/www.ema-chartres.org\/index.php\/wp-json\/wp\/v2\/comments?post=13"}],"version-history":[{"count":7,"href":"https:\/\/www.ema-chartres.org\/index.php\/wp-json\/wp\/v2\/pages\/13\/revisions"}],"predecessor-version":[{"id":256,"href":"https:\/\/www.ema-chartres.org\/index.php\/wp-json\/wp\/v2\/pages\/13\/revisions\/256"}],"wp:attachment":[{"href":"https:\/\/www.ema-chartres.org\/index.php\/wp-json\/wp\/v2\/media?parent=13"}],"curies":[{"name":"wp","href":"https:\/\/api.w.org\/{rel}","templated":true}]}}